{"id":97,"date":"2026-05-13T09:07:03","date_gmt":"2026-05-13T09:07:03","guid":{"rendered":"https:\/\/prodajsve.com\/?post_type=product&#038;p=97"},"modified":"2026-05-13T09:07:40","modified_gmt":"2026-05-13T09:07:40","slug":"set-kovanih-gedora-sa-nastavcima-6-22mm","status":"publish","type":"product","link":"https:\/\/prodajsve.com\/?product=set-kovanih-gedora-sa-nastavcima-6-22mm","title":{"rendered":"Set kovanih gedora sa nastavcima 6-22mm"},"content":{"rendered":"<p data-start=\"86\" data-end=\"631\">Ovaj set kovanih gedora od 50 komada savr\u0161en je za sve vrste popravki, pru\u017eaju\u0107i \u0161irok spektar veli\u010dina i svestranost u radu. Set uklju\u010duje <strong data-start=\"283\" data-end=\"326\">standardne SAE veli\u010dine (5\/16&#8221; do 3\/4&#8221;)<\/strong> i <strong data-start=\"329\" data-end=\"360\">metri\u010dke veli\u010dine (8-22 mm)<\/strong>, sa <strong data-start=\"365\" data-end=\"380\">6-ta\u010dkastim<\/strong> oblikom za bolju prianjaju\u0107u snagu. Osim osnovnih gedora, set sadr\u017ei i <strong data-start=\"452\" data-end=\"487\">3\/8-ra\u010dnom<\/strong> (ru\u010dnu dr\u0161ku za zup\u010daste pogone), produ\u017ene nastavke i <strong data-start=\"542\" data-end=\"570\">udarni univerzalni zglob<\/strong>, koji omogu\u0107avaju lak\u0161i pristup u te\u017ee dostupnim podru\u010djima.<\/p>\n<p data-start=\"633\" data-end=\"884\">Izra\u0111en od <strong data-start=\"644\" data-end=\"671\">kvalitetnog CR-V \u010delika<\/strong>, ovaj set je podvrgnut toplinskoj obradi, \u0161to mu daje ve\u0107u \u017eilavost i \u010dvrsto\u0107u. Povr\u0161ina je prekrivena crnim prahom za dodatnu za\u0161titu od r\u0111e i korozije, \u010dine\u0107i alat dugotrajnim i otpornim na te\u0161ke uslove rada.<\/p>\n<p data-start=\"886\" data-end=\"1041\"><strong data-start=\"886\" data-end=\"916\">Laserski ugravirani oznake<\/strong> na svakoj gedori omogu\u0107avaju lako o\u010ditavanje veli\u010dina \u010dak i u slabo osvetljenim uslovima, a oznake se ne\u0107e lako izbrisati.<\/p>\n<p data-start=\"1043\" data-end=\"1294\">Set dolazi u <strong data-start=\"1056\" data-end=\"1091\">prakti\u010dnoj i izdr\u017eljivoj kutiji<\/strong> koja olak\u0161ava transport i skladi\u0161tenje, tako da ne morate brinuti o gubitku delova dok ste na terenu. Uz to, svaki deo je premazan za\u0161titnim uljem, pa se savetuje pa\u017eljivo rukovanje prilikom upotrebe.<\/p>\n","protected":false},"excerpt":{"rendered":"<p data-start=\"46\" data-end=\"361\">Ovaj vrhunski set kovanih gedora sa nastavcima savr\u0161en je izbor za svakog majstora i ljubitelja alata. Sa rasponom od 6 do 22 mm, set pru\u017ea \u0161iroke mogu\u0107nosti primjene i preciznost, idealan za razne popravke, od automobilske industrije do odr\u017eavanja ku\u0107anskih aparata.<\/p>\n<p data-start=\"363\" data-end=\"673\">Gedore su izra\u0111ene od visokokvalitetnog kovanog \u010delika, \u0161to im osigurava izuzetnu \u010dvrsto\u0107u, dugovje\u010dnost i otpornost na habanje. Uz to, set uklju\u010duje razli\u010dite nastavke koji omogu\u0107avaju lak\u0161i pristup te\u0161ko dostupnim mestima, \u010dine\u0107i ga savr\u0161enim rje\u0161enjem za raznovrsne zadatke bez potrebe za dodatnim alatom.<\/p>\n<p data-start=\"675\" data-end=\"813\">Bilo da ste profesionalac ili strastveni zaljubljenik u DIY projekte, ovaj set \u0107e vam pru\u017eiti pouzdanost i efikasnost u svakom trenutku.<\/p>\n","protected":false},"featured_media":147,"comment_status":"open","ping_status":"closed","template":"","meta":[],"product_brand":[],"product_cat":[16],"product_tag":[24,35,80,81],"class_list":{"0":"post-97","1":"product","2":"type-product","3":"status-publish","4":"has-post-thumbnail","6":"product_cat-alat","7":"product_tag-alat","8":"product_tag-gedore","9":"product_tag-kovane-gedore","10":"product_tag-set-gedora","12":"first","13":"instock","14":"sale","15":"shipping-taxable","16":"purchasable","17":"product-type-simple"},"_links":{"self":[{"href":"https:\/\/prodajsve.com\/index.php?rest_route=\/wp\/v2\/product\/97","targetHints":{"allow":["GET"]}}],"collection":[{"href":"https:\/\/prodajsve.com\/index.php?rest_route=\/wp\/v2\/product"}],"about":[{"href":"https:\/\/prodajsve.com\/index.php?rest_route=\/wp\/v2\/types\/product"}],"replies":[{"embeddable":true,"href":"https:\/\/prodajsve.com\/index.php?rest_route=%2Fwp%2Fv2%2Fcomments&post=97"}],"wp:featuredmedia":[{"embeddable":true,"href":"https:\/\/prodajsve.com\/index.php?rest_route=\/wp\/v2\/media\/147"}],"wp:attachment":[{"href":"https:\/\/prodajsve.com\/index.php?rest_route=%2Fwp%2Fv2%2Fmedia&parent=97"}],"wp:term":[{"taxonomy":"product_brand","embeddable":true,"href":"https:\/\/prodajsve.com\/index.php?rest_route=%2Fwp%2Fv2%2Fproduct_brand&post=97"},{"taxonomy":"product_cat","embeddable":true,"href":"https:\/\/prodajsve.com\/index.php?rest_route=%2Fwp%2Fv2%2Fproduct_cat&post=97"},{"taxonomy":"product_tag","embeddable":true,"href":"https:\/\/prodajsve.com\/index.php?rest_route=%2Fwp%2Fv2%2Fproduct_tag&post=97"}],"curies":[{"name":"wp","href":"https:\/\/api.w.org\/{rel}","templated":true}]}}