{"id":96,"date":"2026-05-13T09:07:03","date_gmt":"2026-05-13T09:07:03","guid":{"rendered":"https:\/\/prodajsve.com\/?post_type=product&#038;p=96"},"modified":"2026-05-13T09:07:39","modified_gmt":"2026-05-13T09:07:39","slug":"profi-udarna-busilica-straus-austria","status":"publish","type":"product","link":"https:\/\/prodajsve.com\/?product=profi-udarna-busilica-straus-austria","title":{"rendered":"Profi Udarna Bu\u0161ilica Straus Austria"},"content":{"rendered":"<p>&nbsp;<\/p>\n<p><strong>Glavne Zna\u010dajke:<\/strong><\/p>\n<p><strong>Snaga<\/strong>: 2000 W pru\u017ea izvanrednu efikasnost i brzinu bu\u0161enja.<\/p>\n<p><strong>Brzina<\/strong>: Promjenjiva brzina 0-900\/0-4000 okretaja u minuti osigurava preciznost u radu.<\/p>\n<p><strong>Vibracije<\/strong>: Smanjene vibracije prilikom bu\u0161enja i dlijetanja zahvaljuju\u0107i modernoj tehnologiji.<\/p>\n<p><strong>Pribor<\/strong>: Dolazi s vi\u0161estrukim nastavcima i bu\u0161ilicama za beton razli\u010ditih veli\u010dina.<\/p>\n<p><strong>Dodatne funkcije<\/strong>: LED svjetlo za osvjetljavanje radnog podru\u010dja i LED upozoravaju\u0107e svjetlo za pra\u0107enje stanja elektri\u010dnog kruga.<\/p>\n<p>Savr\u0161en izbor za one koji tra\u017ee visokokvalitetan i dugotrajan alat. Opremite svoju radionicu ovom mo\u0107nom udarnom bu\u0161ilicom i budite spremni za svaki izazov!<\/p>\n","protected":false},"excerpt":{"rendered":"<p><strong>Opis Proizvoda:<\/strong><\/p>\n<p>Ova robustna i sna\u017ena udarna bu\u0161ilica marke Straus Austria sa snagom od 2000 W osmi\u0161ljena je da izdr\u017ei i najzahtjevnije uvjete rada. Njena visoka efikasnost i pouzdanost \u010dine je nezaobilaznim alatom za profesionalce i entuzijaste u ku\u0107nim radinostima.<\/p>\n","protected":false},"featured_media":146,"comment_status":"open","ping_status":"closed","template":"","meta":[],"product_brand":[],"product_cat":[16],"product_tag":[23,33,18,28],"class_list":{"0":"post-96","1":"product","2":"type-product","3":"status-publish","4":"has-post-thumbnail","6":"product_cat-alat","7":"product_tag-aku-busilica","8":"product_tag-bosch","9":"product_tag-busilica","10":"product_tag-busilica-hilti","12":"first","13":"instock","14":"sale","15":"shipping-taxable","16":"purchasable","17":"product-type-simple"},"_links":{"self":[{"href":"https:\/\/prodajsve.com\/index.php?rest_route=\/wp\/v2\/product\/96","targetHints":{"allow":["GET"]}}],"collection":[{"href":"https:\/\/prodajsve.com\/index.php?rest_route=\/wp\/v2\/product"}],"about":[{"href":"https:\/\/prodajsve.com\/index.php?rest_route=\/wp\/v2\/types\/product"}],"replies":[{"embeddable":true,"href":"https:\/\/prodajsve.com\/index.php?rest_route=%2Fwp%2Fv2%2Fcomments&post=96"}],"wp:featuredmedia":[{"embeddable":true,"href":"https:\/\/prodajsve.com\/index.php?rest_route=\/wp\/v2\/media\/146"}],"wp:attachment":[{"href":"https:\/\/prodajsve.com\/index.php?rest_route=%2Fwp%2Fv2%2Fmedia&parent=96"}],"wp:term":[{"taxonomy":"product_brand","embeddable":true,"href":"https:\/\/prodajsve.com\/index.php?rest_route=%2Fwp%2Fv2%2Fproduct_brand&post=96"},{"taxonomy":"product_cat","embeddable":true,"href":"https:\/\/prodajsve.com\/index.php?rest_route=%2Fwp%2Fv2%2Fproduct_cat&post=96"},{"taxonomy":"product_tag","embeddable":true,"href":"https:\/\/prodajsve.com\/index.php?rest_route=%2Fwp%2Fv2%2Fproduct_tag&post=96"}],"curies":[{"name":"wp","href":"https:\/\/api.w.org\/{rel}","templated":true}]}}