{"id":91,"date":"2026-05-13T09:07:01","date_gmt":"2026-05-13T09:07:01","guid":{"rendered":"https:\/\/prodajsve.com\/?post_type=product&#038;p=91"},"modified":"2026-05-13T09:07:34","modified_gmt":"2026-05-13T09:07:34","slug":"univerzalni-dvorucni-frezer-harden-2200w","status":"publish","type":"product","link":"https:\/\/prodajsve.com\/?product=univerzalni-dvorucni-frezer-harden-2200w","title":{"rendered":"Univerzalni Dvoru\u010dni Frezer HARDEN &#8211; 2200W"},"content":{"rendered":"<p>&nbsp;<\/p>\n<p><strong>Klju\u010dne karakteristike<\/strong>:<\/p>\n<p><strong>Univerzalna podr\u0161ka za razli\u010dite prihvate<\/strong>: Opremljen s tri vrste prihvata &#8211; 6 mm, 8 mm na 1\/4&#8221; i 12 mm na 1\/2&#8221;, \u0161to omogu\u0107uje rad sa \u0161irokim rasponom dodataka za sve vrste radova.<\/p>\n<p><strong>Visoka u\u010dinkovitost<\/strong>: Snaga od 2200W osigurava savr\u0161ene rezultate \u010dak i u zahtjevnim uvjetima.<\/p>\n<p><strong>Dvostruki re\u017eim rada<\/strong>: Pogodan za sve vrste ru\u010dnog i stacionarnog frezanja.<\/p>\n<p><strong>Napredna brzina<\/strong>: Frezer ima radni hod od 9000 okretaja i prazan hod od 23,500 okretaja, \u0161to omogu\u0107uje glatko i brzo obavljanje svakog zadatka.<\/p>\n<p><strong>Za\u0161to odabrati na\u0161 frezer?<\/strong><\/p>\n<p><strong>Ergonomi\u010dan dizajn<\/strong>: Dvoru\u010dni dizajn osigurava maksimalnu kontrolu i stabilnost tijekom rada.<\/p>\n<p><strong>Vrhunska kvaliteta<\/strong>: HARDEN je sinonim za pouzdanost, izdr\u017eljivost i preciznost, a ovaj model je dizajniran da traje.<\/p>\n<p><strong>\u0160iroka primjena<\/strong>: Savr\u0161en alat za stolarske radove, graviranje, oblikovanje ivica, stvaranje utora i jo\u0161 mnogo toga.<\/p>\n","protected":false},"excerpt":{"rendered":"<p>Zavr\u0161ite svaki projekt s lako\u0107om i precizno\u0161\u0107u pomo\u0107u univerzalnog dvoru\u010dnog frezera HARDEN. Ovaj sna\u017eni frezer sa motorom od 2200W omogu\u0107ava vrhunsko rukovanje i preciznost u svim obradama drveta.<\/p>\n<p>Idealan je za profesionalce i entuzijaste koji \u017eele vrhunsku opremu na svom radnom stolu.<\/p>\n","protected":false},"featured_media":141,"comment_status":"open","ping_status":"closed","template":"","meta":[],"product_brand":[],"product_cat":[16],"product_tag":[78],"class_list":{"0":"post-91","1":"product","2":"type-product","3":"status-publish","4":"has-post-thumbnail","6":"product_cat-alat","7":"product_tag-frezer","9":"first","10":"instock","11":"sale","12":"shipping-taxable","13":"purchasable","14":"product-type-simple"},"_links":{"self":[{"href":"https:\/\/prodajsve.com\/index.php?rest_route=\/wp\/v2\/product\/91","targetHints":{"allow":["GET"]}}],"collection":[{"href":"https:\/\/prodajsve.com\/index.php?rest_route=\/wp\/v2\/product"}],"about":[{"href":"https:\/\/prodajsve.com\/index.php?rest_route=\/wp\/v2\/types\/product"}],"replies":[{"embeddable":true,"href":"https:\/\/prodajsve.com\/index.php?rest_route=%2Fwp%2Fv2%2Fcomments&post=91"}],"wp:featuredmedia":[{"embeddable":true,"href":"https:\/\/prodajsve.com\/index.php?rest_route=\/wp\/v2\/media\/141"}],"wp:attachment":[{"href":"https:\/\/prodajsve.com\/index.php?rest_route=%2Fwp%2Fv2%2Fmedia&parent=91"}],"wp:term":[{"taxonomy":"product_brand","embeddable":true,"href":"https:\/\/prodajsve.com\/index.php?rest_route=%2Fwp%2Fv2%2Fproduct_brand&post=91"},{"taxonomy":"product_cat","embeddable":true,"href":"https:\/\/prodajsve.com\/index.php?rest_route=%2Fwp%2Fv2%2Fproduct_cat&post=91"},{"taxonomy":"product_tag","embeddable":true,"href":"https:\/\/prodajsve.com\/index.php?rest_route=%2Fwp%2Fv2%2Fproduct_tag&post=91"}],"curies":[{"name":"wp","href":"https:\/\/api.w.org\/{rel}","templated":true}]}}