{"id":66,"date":"2026-05-13T09:06:36","date_gmt":"2026-05-13T09:06:36","guid":{"rendered":"https:\/\/prodajsve.com\/?post_type=product&#038;p=66"},"modified":"2026-05-13T09:07:19","modified_gmt":"2026-05-13T09:07:19","slug":"trimer-demon-52ks-sa-opremom","status":"publish","type":"product","link":"https:\/\/prodajsve.com\/?product=trimer-demon-52ks-sa-opremom","title":{"rendered":"Trimer DEMON 5,2ks sa opremom"},"content":{"rendered":"","protected":false},"excerpt":{"rendered":"<ul>\n<li>Trimer Demon sa motorom od 5.2 ks proizveden u EU , jedan je od najboljih trimera u tom cjenovnom rangu.<\/li>\n<li>1 GODINA GARANCIJE<\/li>\n<li>U 2018. godini ovo je bio najprodavaniji model trimera.<\/li>\n<li>Dakle, u pitanju je apsolutno ORIGINALAN proizvod na kojeg dobijate 2 godine GARANCIJE<\/li>\n<li>POSEBNO VA\u017dNO<\/li>\n<li>Savetujemo da, pri kupovini trimera, obratite pa\u017enju na kopije Demon trimera koje su mogu na\u0107i na raznim oglasnim i dru\u0161tvenim mre\u017eama.<\/li>\n<li>Paket u kom dolazi trimer je izuzetno bogat opremom a detalje mo\u017eete videti u nastavku<\/li>\n<li>Karakteristike<\/li>\n<li>Te\u017eina 7.5kg<\/li>\n<li>3.8kw<\/li>\n<li>Zapremina 53cm<\/li>\n<li>Zapremina rezervara 1.2 l<\/li>\n<li>Profi ru\u010dka za gas i ga\u0161enje ure\u0111aja, \u0161iroke ru\u010dke \u0161to olak\u0161ava du\u017ei rad s ure\u0111ajem<\/li>\n<li>Dodatna oprema<\/li>\n<li>Nosa\u010di (tregeri) na oba ramena<\/li>\n<li>Cekular no\u017e za visoko rastinje<\/li>\n<li>Trokraki no\u017e za sitno rastinje<\/li>\n<li>2 X Glava sa \u0161ipkom od plastik<\/li>\n<li>Posuda za gorivo<\/li>\n<li>Alat za odr\u017eavanje ure\u0111aja<\/li>\n<li>Za\u0161titna maska za lice<\/li>\n<li>15m silka<\/li>\n<\/ul>\n","protected":false},"featured_media":112,"comment_status":"open","ping_status":"closed","template":"","meta":[],"product_brand":[],"product_cat":[16],"product_tag":[44,45,63,46,48,49],"class_list":{"0":"post-66","1":"product","2":"type-product","3":"status-publish","4":"has-post-thumbnail","6":"product_cat-alat","7":"product_tag-aku-trimer","8":"product_tag-demon","9":"product_tag-demon-trimer","10":"product_tag-kosilica","11":"product_tag-trimer","12":"product_tag-trimer-za-travu","14":"first","15":"instock","16":"sale","17":"shipping-taxable","18":"purchasable","19":"product-type-simple"},"_links":{"self":[{"href":"https:\/\/prodajsve.com\/index.php?rest_route=\/wp\/v2\/product\/66","targetHints":{"allow":["GET"]}}],"collection":[{"href":"https:\/\/prodajsve.com\/index.php?rest_route=\/wp\/v2\/product"}],"about":[{"href":"https:\/\/prodajsve.com\/index.php?rest_route=\/wp\/v2\/types\/product"}],"replies":[{"embeddable":true,"href":"https:\/\/prodajsve.com\/index.php?rest_route=%2Fwp%2Fv2%2Fcomments&post=66"}],"wp:featuredmedia":[{"embeddable":true,"href":"https:\/\/prodajsve.com\/index.php?rest_route=\/wp\/v2\/media\/112"}],"wp:attachment":[{"href":"https:\/\/prodajsve.com\/index.php?rest_route=%2Fwp%2Fv2%2Fmedia&parent=66"}],"wp:term":[{"taxonomy":"product_brand","embeddable":true,"href":"https:\/\/prodajsve.com\/index.php?rest_route=%2Fwp%2Fv2%2Fproduct_brand&post=66"},{"taxonomy":"product_cat","embeddable":true,"href":"https:\/\/prodajsve.com\/index.php?rest_route=%2Fwp%2Fv2%2Fproduct_cat&post=66"},{"taxonomy":"product_tag","embeddable":true,"href":"https:\/\/prodajsve.com\/index.php?rest_route=%2Fwp%2Fv2%2Fproduct_tag&post=66"}],"curies":[{"name":"wp","href":"https:\/\/api.w.org\/{rel}","templated":true}]}}