{"id":65,"date":"2026-05-13T09:06:35","date_gmt":"2026-05-13T09:06:35","guid":{"rendered":"https:\/\/prodajsve.com\/?post_type=product&#038;p=65"},"modified":"2026-05-13T09:07:18","modified_gmt":"2026-05-13T09:07:18","slug":"mikser-za-lepilo-2800w-mjesac-boje-i-betona","status":"publish","type":"product","link":"https:\/\/prodajsve.com\/?product=mikser-za-lepilo-2800w-mjesac-boje-i-betona","title":{"rendered":"Mikser za lepilo 2800W \u2013 Mje\u0161a\u010d boje i betona"},"content":{"rendered":"","protected":false},"excerpt":{"rendered":"<p>Idealan za mije\u0161anje farbe, gipsa, maltera, ljepila za stiropor i drugih smjesa.<\/p>\n<p>Snaga 2800 W<br \/>\nBrzina obrtaja 970r\/min<br \/>\nFrekvencija rada 50\/60Hz.<\/p>\n","protected":false},"featured_media":111,"comment_status":"open","ping_status":"closed","template":"","meta":[],"product_brand":[],"product_cat":[16],"product_tag":[59,60,61,62],"class_list":{"0":"post-65","1":"product","2":"type-product","3":"status-publish","4":"has-post-thumbnail","6":"product_cat-alat","7":"product_tag-lepilo","8":"product_tag-mikser","9":"product_tag-mikser-za-beton","10":"product_tag-mikser-za-ljepilo","12":"first","13":"instock","14":"sale","15":"shipping-taxable","16":"purchasable","17":"product-type-simple"},"_links":{"self":[{"href":"https:\/\/prodajsve.com\/index.php?rest_route=\/wp\/v2\/product\/65","targetHints":{"allow":["GET"]}}],"collection":[{"href":"https:\/\/prodajsve.com\/index.php?rest_route=\/wp\/v2\/product"}],"about":[{"href":"https:\/\/prodajsve.com\/index.php?rest_route=\/wp\/v2\/types\/product"}],"replies":[{"embeddable":true,"href":"https:\/\/prodajsve.com\/index.php?rest_route=%2Fwp%2Fv2%2Fcomments&post=65"}],"wp:featuredmedia":[{"embeddable":true,"href":"https:\/\/prodajsve.com\/index.php?rest_route=\/wp\/v2\/media\/111"}],"wp:attachment":[{"href":"https:\/\/prodajsve.com\/index.php?rest_route=%2Fwp%2Fv2%2Fmedia&parent=65"}],"wp:term":[{"taxonomy":"product_brand","embeddable":true,"href":"https:\/\/prodajsve.com\/index.php?rest_route=%2Fwp%2Fv2%2Fproduct_brand&post=65"},{"taxonomy":"product_cat","embeddable":true,"href":"https:\/\/prodajsve.com\/index.php?rest_route=%2Fwp%2Fv2%2Fproduct_cat&post=65"},{"taxonomy":"product_tag","embeddable":true,"href":"https:\/\/prodajsve.com\/index.php?rest_route=%2Fwp%2Fv2%2Fproduct_tag&post=65"}],"curies":[{"name":"wp","href":"https:\/\/api.w.org\/{rel}","templated":true}]}}