{"id":37,"date":"2026-05-13T09:06:12","date_gmt":"2026-05-13T09:06:12","guid":{"rendered":"https:\/\/prodajsve.com\/?post_type=product&#038;p=37"},"modified":"2026-05-13T09:07:07","modified_gmt":"2026-05-13T09:07:07","slug":"aku-rucna-pila-24-v","status":"publish","type":"product","link":"https:\/\/prodajsve.com\/?product=aku-rucna-pila-24-v","title":{"rendered":"Aku ru\u010dna pila 24 V"},"content":{"rendered":"<ul>\n<li>Aku ru\u010dna pila 24V + rezervna baterija + punja\u010d<\/li>\n<li>Svestrana aku ru\u010dna pila.<\/li>\n<li>Za sje\u010du stabala i grmlja i za rezanje zelenih grana.<\/li>\n<li>Sa lancem pile 1\/4 \u201cPM3 za visoke performanse rezanja i sna\u017ene rezove.<\/li>\n<li>Neklizaju\u0107a ru\u010dica za savr\u0161enu ergonomiju.<\/li>\n<li>Mijenjanje lanca bez alata, fleksibilna za\u0161titna navlaka za siguran rad.<\/li>\n<li>Baterije: 2 kom * litijeva baterija, 24V, 2000mAh (uklju\u010dene 2 baterije).<\/li>\n<li>Snaga: 550 W<\/li>\n<li>1 x standardni punja\u010d AL 1, vrijeme punjenja baterije 55 min \/ 70 min (80% \/ 100%)<\/li>\n<li>1 x Lagana vodilica 10 cm<\/li>\n<li>Lanac pile 1 x 1\/4 \u201cPM3<\/li>\n<\/ul>\n","protected":false},"excerpt":{"rendered":"<p>Aku ru\u010dna pila 24V + rezervna baterija + punja\u010d Svestrana aku ru\u010dna pila. Za sje\u010du stabala i grmlja i za rezanje zelenih grana. Sa lancem pile 1\/4 \u201cPM3 za visoke performanse rezanja i sna\u017ene rezove. Neklizaju\u0107a ru\u010dica za savr\u0161enu ergonomiju. Mijenjanje lanca bez alata, fleksibilna za\u0161titna navlaka za siguran rad. Baterije: 2 kom * litijeva baterija, 24V, 2000mAh (uklju\u010dene 2 baterije). Snaga: 550 W 1 x standardni punja\u010d AL 1, vrijeme punjenja baterije 55 min \/ 70 min (80% \/ 100%) 1 x Lagana vodilica 10 cm Lanac pile 1&hellip;<\/p>\n","protected":false},"featured_media":101,"comment_status":"open","ping_status":"closed","template":"","meta":[],"product_brand":[],"product_cat":[16],"product_tag":[30,31,26,27],"class_list":{"0":"post-37","1":"product","2":"type-product","3":"status-publish","4":"has-post-thumbnail","6":"product_cat-alat","7":"product_tag-aku-pila","8":"product_tag-motorka","9":"product_tag-motorna-pila","10":"product_tag-pila","12":"first","13":"instock","14":"sale","15":"shipping-taxable","16":"purchasable","17":"product-type-simple"},"_links":{"self":[{"href":"https:\/\/prodajsve.com\/index.php?rest_route=\/wp\/v2\/product\/37","targetHints":{"allow":["GET"]}}],"collection":[{"href":"https:\/\/prodajsve.com\/index.php?rest_route=\/wp\/v2\/product"}],"about":[{"href":"https:\/\/prodajsve.com\/index.php?rest_route=\/wp\/v2\/types\/product"}],"replies":[{"embeddable":true,"href":"https:\/\/prodajsve.com\/index.php?rest_route=%2Fwp%2Fv2%2Fcomments&post=37"}],"wp:featuredmedia":[{"embeddable":true,"href":"https:\/\/prodajsve.com\/index.php?rest_route=\/wp\/v2\/media\/101"}],"wp:attachment":[{"href":"https:\/\/prodajsve.com\/index.php?rest_route=%2Fwp%2Fv2%2Fmedia&parent=37"}],"wp:term":[{"taxonomy":"product_brand","embeddable":true,"href":"https:\/\/prodajsve.com\/index.php?rest_route=%2Fwp%2Fv2%2Fproduct_brand&post=37"},{"taxonomy":"product_cat","embeddable":true,"href":"https:\/\/prodajsve.com\/index.php?rest_route=%2Fwp%2Fv2%2Fproduct_cat&post=37"},{"taxonomy":"product_tag","embeddable":true,"href":"https:\/\/prodajsve.com\/index.php?rest_route=%2Fwp%2Fv2%2Fproduct_tag&post=37"}],"curies":[{"name":"wp","href":"https:\/\/api.w.org\/{rel}","templated":true}]}}