{"id":33,"date":"2026-05-13T09:06:11","date_gmt":"2026-05-13T09:06:11","guid":{"rendered":"https:\/\/prodajsve.com\/?post_type=product&#038;p=33"},"modified":"2026-05-13T09:06:56","modified_gmt":"2026-05-13T09:06:56","slug":"aku-masina-za-sisanje-ovaca","status":"publish","type":"product","link":"https:\/\/prodajsve.com\/?product=aku-masina-za-sisanje-ovaca","title":{"rendered":"Aku ma\u0161ina za \u0161i\u0161anje ovaca"},"content":{"rendered":"<p>\ud83d\udee0\ufe0f\u00a0<strong>Kompletna oprema uklju\u010dena u paketu!<\/strong><br \/>\nKupovinom dobijate sve \u0161to vam je potrebno za\u00a0<strong>profesionalno \u0161i\u0161anje odmah nakon otpakiranja<\/strong>:<\/p>\n<p>\u2714\u00a0<strong>Klju\u010d za zamjenu o\u0161trica<\/strong><br \/>\n\u2714\u00a0<strong>\u010cetka za \u010di\u0161\u0107enje<\/strong><br \/>\n\u2714\u00a0<strong>Ulje za podmazivanje<\/strong><br \/>\n\u2714\u00a0<strong>Detaljno uputstvo za upotrebu<\/strong><br \/>\n\u2714\u00a0<strong>Sna\u017ena za\u0161titna kutija za lak transport i skladi\u0161tenje<\/strong><\/p>\n","protected":false},"excerpt":{"rendered":"<p><strong>Vrhunska snaga i dugotrajna autonomija<\/strong><br \/>\nNa\u0161a aku ma\u0161ina za \u0161i\u0161anje ovaca dolazi s mo\u0107nim\u00a0<strong>850W motorom<\/strong>, dizajniranim za\u00a0<strong>profesionalne korisnike<\/strong>\u00a0i farmere koji \u017eele\u00a0<strong>brzo, precizno i bez napora<\/strong>\u00a0obaviti posao. Be\u017ei\u010dna je, \u0161to zna\u010di da vi\u0161e ne morate brinuti o kablovima \u2013\u00a0<strong>dolazi s dvije sna\u017ene 21V litijumske baterije<\/strong>\u00a0koje omogu\u0107uju dugotrajni rad bez prekida!<\/p>\n<p>\u26a1\u00a0<strong>Brzina obrtaja do 3000 r\/min<\/strong><br \/>\nOva ma\u0161ina osigurava\u00a0<strong>precizno i brzo \u0161i\u0161anje<\/strong>, \u010dak i kod najgu\u0161\u0107e vune i zahtjevnih vlakana. Zahvaljuju\u0107i\u00a0<strong>niskom nivou buke i vibracija<\/strong>, rad je udoban i smanjuje umor \u010dak i pri du\u017eem kori\u0161tenju.<\/p>\n<p>\ud83d\udd27\u00a0<strong>Napredni ventilacijski sistem za dugotrajan rad<\/strong><br \/>\n<strong>Integrirani ventilacioni sistem<\/strong>\u00a0sprje\u010dava pregrijavanje motora, \u010dime osigurava\u00a0<strong>dugotrajnu upotrebu bez prekida<\/strong>. Ova funkcija \u0161titi motor i produ\u017eava radni vijek ure\u0111aja!<\/p>\n","protected":false},"featured_media":85,"comment_status":"open","ping_status":"closed","template":"","meta":[],"product_brand":[],"product_cat":[16],"product_tag":[50,51],"class_list":{"0":"post-33","1":"product","2":"type-product","3":"status-publish","4":"has-post-thumbnail","6":"product_cat-alat","7":"product_tag-masina-za-sisanje-ovaca","8":"product_tag-sianje-ovaca","10":"first","11":"instock","12":"sale","13":"shipping-taxable","14":"purchasable","15":"product-type-simple"},"_links":{"self":[{"href":"https:\/\/prodajsve.com\/index.php?rest_route=\/wp\/v2\/product\/33","targetHints":{"allow":["GET"]}}],"collection":[{"href":"https:\/\/prodajsve.com\/index.php?rest_route=\/wp\/v2\/product"}],"about":[{"href":"https:\/\/prodajsve.com\/index.php?rest_route=\/wp\/v2\/types\/product"}],"replies":[{"embeddable":true,"href":"https:\/\/prodajsve.com\/index.php?rest_route=%2Fwp%2Fv2%2Fcomments&post=33"}],"wp:featuredmedia":[{"embeddable":true,"href":"https:\/\/prodajsve.com\/index.php?rest_route=\/wp\/v2\/media\/85"}],"wp:attachment":[{"href":"https:\/\/prodajsve.com\/index.php?rest_route=%2Fwp%2Fv2%2Fmedia&parent=33"}],"wp:term":[{"taxonomy":"product_brand","embeddable":true,"href":"https:\/\/prodajsve.com\/index.php?rest_route=%2Fwp%2Fv2%2Fproduct_brand&post=33"},{"taxonomy":"product_cat","embeddable":true,"href":"https:\/\/prodajsve.com\/index.php?rest_route=%2Fwp%2Fv2%2Fproduct_cat&post=33"},{"taxonomy":"product_tag","embeddable":true,"href":"https:\/\/prodajsve.com\/index.php?rest_route=%2Fwp%2Fv2%2Fproduct_tag&post=33"}],"curies":[{"name":"wp","href":"https:\/\/api.w.org\/{rel}","templated":true}]}}