{"id":29,"date":"2026-05-13T09:06:10","date_gmt":"2026-05-13T09:06:10","guid":{"rendered":"https:\/\/prodajsve.com\/?post_type=product&#038;p=29"},"modified":"2026-05-13T09:06:47","modified_gmt":"2026-05-13T09:06:47","slug":"set-alata-busilicabrusilica-smith","status":"publish","type":"product","link":"https:\/\/prodajsve.com\/?product=set-alata-busilicabrusilica-smith","title":{"rendered":"Set alata bu\u0161ilica+brusilica Smith"},"content":{"rendered":"","protected":false},"excerpt":{"rendered":"<p>Predstavljamo vam izvanredan set alata tvrtke Smith Austria koji \u0107e vam pomo\u0107i u raznim gra\u0111evinskim i obrtni\u010dkim zadacima. Ovaj set uklju\u010duje dvije klju\u010dne elektri\u010dne alatke:<\/p>\n<ol>\n<li><strong>Udarna bu\u0161ilica:<\/strong>\n<ul>\n<li>Snaga: 710W<\/li>\n<li>Napon: 230V-50Hz<\/li>\n<li>Te\u017eina: 1,16 kg<\/li>\n<\/ul>\n<\/li>\n<li><strong>Kutna brusilica:<\/strong>\n<ul>\n<li>Snaga: 880W<\/li>\n<li>Napon: 230V-50Hz<\/li>\n<li>Brzina okretaja: 11000\/min<\/li>\n<\/ul>\n<\/li>\n<\/ol>\n<p>Udarna bu\u0161ilica \u0107e vam omogu\u0107iti bu\u0161enje rupa u razli\u010ditim povr\u0161inama, dok \u0107e kutna brusilica biti izuzetno korisna za bru\u0161enje i rezanje materijala. Ove alatke su izuzetno mo\u0107ne i pouzdane, te \u0107e vam pomo\u0107i u izvo\u0111enju razli\u010ditih zadataka s lako\u0107om.<\/p>\n<p>Smith Austria je poznata po kvaliteti svojih alata, i ovaj set nije iznimka. Ove alatke su izra\u0111ene kako bi trajale i omogu\u0107ile vam u\u010dinkovito obavljanje poslova.<\/p>\n<p>Nabavite ovaj set bu\u0161ilice i brusilice po izuzetno povoljnoj cijeni i opremite se kvalitetnim alatima za svoje projekte i popravke.<\/p>\n","protected":false},"featured_media":79,"comment_status":"open","ping_status":"closed","template":"","meta":[],"product_brand":[],"product_cat":[16],"product_tag":[22,23,33,25,18,28,34],"class_list":{"0":"post-29","1":"product","2":"type-product","3":"status-publish","4":"has-post-thumbnail","6":"product_cat-alat","7":"product_tag-aku-brusilica","8":"product_tag-aku-busilica","9":"product_tag-bosch","10":"product_tag-brusilica","11":"product_tag-busilica","12":"product_tag-busilica-hilti","13":"product_tag-dewalt","15":"first","16":"instock","17":"sale","18":"shipping-taxable","19":"purchasable","20":"product-type-simple"},"_links":{"self":[{"href":"https:\/\/prodajsve.com\/index.php?rest_route=\/wp\/v2\/product\/29","targetHints":{"allow":["GET"]}}],"collection":[{"href":"https:\/\/prodajsve.com\/index.php?rest_route=\/wp\/v2\/product"}],"about":[{"href":"https:\/\/prodajsve.com\/index.php?rest_route=\/wp\/v2\/types\/product"}],"replies":[{"embeddable":true,"href":"https:\/\/prodajsve.com\/index.php?rest_route=%2Fwp%2Fv2%2Fcomments&post=29"}],"wp:featuredmedia":[{"embeddable":true,"href":"https:\/\/prodajsve.com\/index.php?rest_route=\/wp\/v2\/media\/79"}],"wp:attachment":[{"href":"https:\/\/prodajsve.com\/index.php?rest_route=%2Fwp%2Fv2%2Fmedia&parent=29"}],"wp:term":[{"taxonomy":"product_brand","embeddable":true,"href":"https:\/\/prodajsve.com\/index.php?rest_route=%2Fwp%2Fv2%2Fproduct_brand&post=29"},{"taxonomy":"product_cat","embeddable":true,"href":"https:\/\/prodajsve.com\/index.php?rest_route=%2Fwp%2Fv2%2Fproduct_cat&post=29"},{"taxonomy":"product_tag","embeddable":true,"href":"https:\/\/prodajsve.com\/index.php?rest_route=%2Fwp%2Fv2%2Fproduct_tag&post=29"}],"curies":[{"name":"wp","href":"https:\/\/api.w.org\/{rel}","templated":true}]}}