{"id":23,"date":"2026-05-13T09:06:08","date_gmt":"2026-05-13T09:06:08","guid":{"rendered":"https:\/\/prodajsve.com\/?post_type=product&#038;p=23"},"modified":"2026-05-13T09:06:32","modified_gmt":"2026-05-13T09:06:32","slug":"216-dijelni-set-alata-u-koferu","status":"publish","type":"product","link":"https:\/\/prodajsve.com\/?product=216-dijelni-set-alata-u-koferu","title":{"rendered":"216-dijelni set alata u koferu"},"content":{"rendered":"<p>Napravljen od najtvr\u0111eg krom vanadija<\/p>\n<p>Poja\u010dana verzija jo\u0161 kvalitetnija nego prije<\/p>\n<p>U prakti\u010dnom koferu sa ru\u010dkom i kota\u010dima za lagani transport<\/p>\n<p>Extra \u010dvrsti krom-vanadij<\/p>\n<p>Dolazi u prakti\u010dnom koferu s kota\u010di\u0107ima za lagani transport i produ\u017eivom ru\u010dkom<\/p>\n<p>4 ladice sa svim alatima koji \u0107e vam ikad trebati<\/p>\n<p>\u0160vicarska kvaliteta s potpisom<\/p>\n<p>Ergonomske dr\u0161ke<\/p>\n<p><strong>Specifikacija :<\/strong><\/p>\n<p>Set od 216 alata smje\u0161tenih u koferu s teleskopskom ru\u010dkom i kota\u010di\u0107ima<\/p>\n<p>Alat sa ergonomskim dr\u0161kama<\/p>\n<p>Kofer se sastoji od 4 odjeljka<\/p>\n<p><strong>Prvi odjeljak:<\/strong><\/p>\n<p>&#8211; 10x okasto-vilju\u0161kasti klju\u010devi (8-17mm).<\/p>\n<p>&#8211; 1x polusferna klije\u0161ta<\/p>\n<p>&#8211; 1x rezna klije\u0161ta<\/p>\n<p>&#8211; 1x podesivi francuski klju\u010d<\/p>\n<p>&#8211; 1x papagaj prihvatna klije\u0161ta<\/p>\n<p>&#8211; 1x prihvatna \u0161pic-klije\u0161ta<\/p>\n<p><strong>Drugi odjeljak:<\/strong><\/p>\n<p>&#8211; 1x klije\u0161ta za blankiranje kabela i \u017eice<\/p>\n<p>&#8211; 1x patentna klije\u0161ta<\/p>\n<p>&#8211; 1x izolacijska traka<\/p>\n<p>&#8211; 1x tapetarski no\u017e<\/p>\n<p>&#8211; 1x metar (5m duljine)<\/p>\n<p>&#8211; 1x pi\u0161tolj za vru\u0107e ljepilo (uklju\u010dene cetiri patrone)<\/p>\n<p>&#8211; 1x aluminijska libela<\/p>\n<p>&#8211; 2x plasti\u010dne prihvatne oubujmice<\/p>\n<p>&#8211; 1x kutijica sa \u010davli\u0107ima, vijcima, pribada\u010dama i zaka\u010dkama<\/p>\n<p>&#8211; 1x \u010deki\u0107 sa zadnom za va\u0111enje \u010davli<\/p>\n<p><strong>Tre\u0107i odjeljak:<\/strong><\/p>\n<p>&#8211; 11x rucni odvija\u010di sa anti-slip dr\u0161kama (kri\u017eni i obi\u010dni) &#8211; (-) 3&#215;75, 3&#215;100, 5&#215;75, 6&#215;38, 6x100mm- (+) 3&#215;75, 3&#215;100, 5&#215;75, 6&#215;38, 6&#215;100, 8x150mm<\/p>\n<p>&#8211; 3x elektri\u010darski ru\u010dni odvija\u010d sa izoliranim vratom (-)\u00a0 \u00a0 \u00a0 \u00a0 \u00a0 \u00a0 4&#215;100, (+) 4&#215;100, (-) 6&#215;125<\/p>\n<p>&#8211; 1x ispitiva\u010d napona 100-250V<\/p>\n<p>&#8211; 1x kutijica sa 6 preciznih metalnih ru\u010dnih odvija\u010da (+ i -)<\/p>\n<p>&#8211; 1x set od 12 bita: &#8211; (-) 3, 4, 5, 6, 7 &#8211; (+) 0, 1, 2, 3, 4, PZ1, PZ2<\/p>\n<p>&#8211; 1x set od 12 bita: &#8211; HEX3, 4, 5, 6, 7, 8. &#8211; Torx10, 15, 20, 25,\u00a0 \u00a0 \u00a0 \u00a030, 35<\/p>\n<p>&#8211; 9x imbus klju\u010devi 1.5, 2, 2.5, 3, 4, 5, 6, 8, 10<\/p>\n<p>&#8211; 1x racnasti rucni odvija\u010d<\/p>\n<p>&#8211; 1x magnetski adapter za bitove<\/p>\n<p>&#8211; 1x Y adapter<\/p>\n<p>&#8211; 1x teleskopski magnetni produzni prst<\/p>\n<p><strong>\u010cetvrti odjeljak:<\/strong><\/p>\n<p>&#8211; 12 x nasadni klju\u010devi (gedore) 1\/4&#8221;- 4, 4.5, 5, 5.5, 6, 7, 8, 9,\u00a0 \u00a0 10, 11, 12, 13 mm<\/p>\n<p>&#8211; 12 x nasadni klju\u010devi (gedore) 1\/2&#8221;- 10, 11, 12, 13, 14, 15,\u00a0 \u00a0 16, 17, 18, 19, 20, 21, 22, 23, 24, 27, 30 mm<\/p>\n<p>&#8211; 2x produ\u017eni nastavak 1\/4 &#8221; (dulji i kra\u0107i)<\/p>\n<p>&#8211; 2x produ\u017eni nastavak 1\/2&#8221; (dulji i kra\u0107i)<\/p>\n<p>&#8211; 1x nastavak sa kardanskim zglobom 1\/4&#8221;<\/p>\n<p>&#8211; 1x nastavak sa kardanskim zglobom 1\/2&#8221;<\/p>\n<p>&#8211; 1x fleksibilan produ\u017eni nastavak<\/p>\n<p>&#8211; 1x T- sipka sa kliznim dosijedom 1\/4 &#8221;<\/p>\n<p>&#8211; 1x T- sipka sa kliznim dosijedom 1\/2&#8221;<\/p>\n<p>&#8211; 2x nasadni klju\u010d za svje\u0107ice 1\/2&#8221; (16 i 21mm)<\/p>\n<p>&#8211; 1x ru\u010dni odvija\u010d sa 1\/4 &#8221; dosijedom za nasadne klju\u010deve<\/p>\n<p>&#8211; 1x racna 1\/2 &#8221;<\/p>\n<p>&#8211; 1x racna 1\/4&#8221;<\/p>\n","protected":false},"excerpt":{"rendered":"<p>Napravljen od najtvr\u0111eg krom vanadija Poja\u010dana verzija jo\u0161 kvalitetnija nego prije U prakti\u010dnom koferu sa ru\u010dkom i kota\u010dima za lagani transport Extra \u010dvrsti krom-vanadij Dolazi u prakti\u010dnom koferu s kota\u010di\u0107ima za lagani transport i produ\u017eivom ru\u010dkom 4 ladice sa svim alatima koji \u0107e vam ikad trebati \u0160vicarska kvaliteta s potpisom Ergonomske dr\u0161ke Specifikacija : Set od 216 alata smje\u0161tenih u koferu s teleskopskom ru\u010dkom i kota\u010di\u0107ima Alat sa ergonomskim dr\u0161kama Kofer se sastoji od 4 odjeljka Prvi odjeljak: &#8211; 10x okasto-vilju\u0161kasti klju\u010devi (8-17mm). &#8211; 1x polusferna klije\u0161ta &#8211; 1x rezna&hellip;<\/p>\n","protected":false},"featured_media":58,"comment_status":"open","ping_status":"closed","template":"","meta":[],"product_brand":[],"product_cat":[16],"product_tag":[24,35,36,37,32],"class_list":{"0":"post-23","1":"product","2":"type-product","3":"status-publish","4":"has-post-thumbnail","6":"product_cat-alat","7":"product_tag-alat","8":"product_tag-gedore","9":"product_tag-racna","10":"product_tag-ruski-kljuc","11":"product_tag-set-alata","13":"first","14":"instock","15":"sale","16":"shipping-taxable","17":"purchasable","18":"product-type-simple"},"_links":{"self":[{"href":"https:\/\/prodajsve.com\/index.php?rest_route=\/wp\/v2\/product\/23","targetHints":{"allow":["GET"]}}],"collection":[{"href":"https:\/\/prodajsve.com\/index.php?rest_route=\/wp\/v2\/product"}],"about":[{"href":"https:\/\/prodajsve.com\/index.php?rest_route=\/wp\/v2\/types\/product"}],"replies":[{"embeddable":true,"href":"https:\/\/prodajsve.com\/index.php?rest_route=%2Fwp%2Fv2%2Fcomments&post=23"}],"wp:featuredmedia":[{"embeddable":true,"href":"https:\/\/prodajsve.com\/index.php?rest_route=\/wp\/v2\/media\/58"}],"wp:attachment":[{"href":"https:\/\/prodajsve.com\/index.php?rest_route=%2Fwp%2Fv2%2Fmedia&parent=23"}],"wp:term":[{"taxonomy":"product_brand","embeddable":true,"href":"https:\/\/prodajsve.com\/index.php?rest_route=%2Fwp%2Fv2%2Fproduct_brand&post=23"},{"taxonomy":"product_cat","embeddable":true,"href":"https:\/\/prodajsve.com\/index.php?rest_route=%2Fwp%2Fv2%2Fproduct_cat&post=23"},{"taxonomy":"product_tag","embeddable":true,"href":"https:\/\/prodajsve.com\/index.php?rest_route=%2Fwp%2Fv2%2Fproduct_tag&post=23"}],"curies":[{"name":"wp","href":"https:\/\/api.w.org\/{rel}","templated":true}]}}