{"id":21,"date":"2026-05-13T09:06:08","date_gmt":"2026-05-13T09:06:08","guid":{"rendered":"https:\/\/prodajsve.com\/?post_type=product&#038;p=21"},"modified":"2026-05-13T09:06:29","modified_gmt":"2026-05-13T09:06:29","slug":"5u1-set-aku-alata","status":"publish","type":"product","link":"https:\/\/prodajsve.com\/?product=5u1-set-aku-alata","title":{"rendered":"5u1 Set Aku Alata"},"content":{"rendered":"<p>&nbsp;<\/p>\n<p><strong>Karakteristike<\/strong>:<\/p>\n<p><strong>5x 6.0Ah Li-Ion baterije<\/strong>\u00a0&#8211; Dugotrajne i sna\u017ene baterije koje osiguravaju kontinuiran rad bez prekida.<\/p>\n<p><strong>Brzi punja\u010d<\/strong>\u00a0\u2013 Va\u0161e baterije \u0107e biti spremne za upotrebu u rekordnom vremenu.<\/p>\n<p><strong>Kofer za no\u0161enje<\/strong>\u00a0\u2013 \u010cvrst i kompaktan kofer za prakti\u010dno skladi\u0161tenje i transport kompleta.<\/p>\n<p><strong>Prednosti<\/strong>:<\/p>\n<p><strong>Multifunkcionalnost<\/strong>: Svaka ma\u0161ina dolazi sa svojom baterijom, omogu\u0107uju\u0107i vam da nesmetano obavljate vi\u0161e zadataka bez potrebe za pauzama zbog punjenja.<\/p>\n<p><strong>Ergonomski dizajn<\/strong>: Svi alati su dizajnirani tako da omogu\u0107uju udobno kori\u0161tenje i smanjuju umor ruku tijekom dugotrajnog rada.<\/p>\n<p><strong>Profesionalna kvaliteta<\/strong>: Makita alati su poznati po svojoj izdr\u017eljivosti i dugotrajnosti, \u010dine\u0107i ih savr\u0161enim izborom za ozbiljne korisnike.<\/p>\n<p><strong>Za\u0161to odabrati ba\u0161 ovaj set?<\/strong><\/p>\n<p>Ovaj Makita set pru\u017ea vam sve potrebne alate na jednom mjestu, \u0161tede\u0107i vam vrijeme, novac i trud. Bez obzira na to radite li u stolariji, gra\u0111evini, ili ste ku\u0107ni majstor, ovaj set \u0107e vam omogu\u0107iti da svaki posao obavite precizno i efikasno.<\/p>\n","protected":false},"excerpt":{"rendered":"<p><strong>5u1 Set Aku Alata- Najmo\u0107niji alat za prave profesionalce<\/strong><\/p>\n<p>Ovaj Makita AKU Set 5 u 1 je va\u0161 savr\u0161en partner za sve vrste poslova, bilo da ste profesionalac ili entuzijasti\u010dan majstor! Uklju\u010duje sve \u0161to vam je potrebno za \u0161irok spektar zadataka, omogu\u0107uju\u0107i vam vrhunsku kvalitetu, snagu i pouzdanost koju samo Makita mo\u017ee ponuditi.<\/p>\n<p><strong>Set sadr\u017ei<\/strong>:<\/p>\n<p><strong>1. Aku bu\u0161ilica SDS<\/strong>\u00a0\u2013 za lako i efikasno bu\u0161enje u najtvr\u0111e materijale.<\/p>\n<p><strong>2. Aku udarni odvija\u010d<\/strong>\u00a0\u2013 idealan za brzo i precizno zatezanje i otpu\u0161tanje vijaka.<\/p>\n<p><strong>3. Aku brusilica<\/strong>\u00a0\u2013 za glatko bru\u0161enje i poliranje razli\u010ditih povr\u0161ina.<\/p>\n<p><strong>4. Aku bu\u0161ilica obi\u010dna<\/strong>\u00a0\u2013 univerzalni alat za sve va\u0161e potrebe bu\u0161enja.<\/p>\n<p><strong>5. Aku cirkular<\/strong>\u00a0\u2013 precizno i brzo rezanje za savr\u0161ene rezultate svaki put.<\/p>\n","protected":false},"featured_media":55,"comment_status":"open","ping_status":"closed","template":"","meta":[],"product_brand":[],"product_cat":[16],"product_tag":[22,23,30,17,24,29,32],"class_list":{"0":"post-21","1":"product","2":"type-product","3":"status-publish","4":"has-post-thumbnail","6":"product_cat-alat","7":"product_tag-aku-brusilica","8":"product_tag-aku-busilica","9":"product_tag-aku-pila","10":"product_tag-aku-udarni-odvijac","11":"product_tag-alat","12":"product_tag-makita","13":"product_tag-set-alata","15":"first","16":"instock","17":"sale","18":"shipping-taxable","19":"purchasable","20":"product-type-simple"},"_links":{"self":[{"href":"https:\/\/prodajsve.com\/index.php?rest_route=\/wp\/v2\/product\/21","targetHints":{"allow":["GET"]}}],"collection":[{"href":"https:\/\/prodajsve.com\/index.php?rest_route=\/wp\/v2\/product"}],"about":[{"href":"https:\/\/prodajsve.com\/index.php?rest_route=\/wp\/v2\/types\/product"}],"replies":[{"embeddable":true,"href":"https:\/\/prodajsve.com\/index.php?rest_route=%2Fwp%2Fv2%2Fcomments&post=21"}],"wp:featuredmedia":[{"embeddable":true,"href":"https:\/\/prodajsve.com\/index.php?rest_route=\/wp\/v2\/media\/55"}],"wp:attachment":[{"href":"https:\/\/prodajsve.com\/index.php?rest_route=%2Fwp%2Fv2%2Fmedia&parent=21"}],"wp:term":[{"taxonomy":"product_brand","embeddable":true,"href":"https:\/\/prodajsve.com\/index.php?rest_route=%2Fwp%2Fv2%2Fproduct_brand&post=21"},{"taxonomy":"product_cat","embeddable":true,"href":"https:\/\/prodajsve.com\/index.php?rest_route=%2Fwp%2Fv2%2Fproduct_cat&post=21"},{"taxonomy":"product_tag","embeddable":true,"href":"https:\/\/prodajsve.com\/index.php?rest_route=%2Fwp%2Fv2%2Fproduct_tag&post=21"}],"curies":[{"name":"wp","href":"https:\/\/api.w.org\/{rel}","templated":true}]}}