{"id":18,"date":"2026-05-13T09:06:07","date_gmt":"2026-05-13T09:06:07","guid":{"rendered":"https:\/\/prodajsve.com\/?post_type=product&#038;p=18"},"modified":"2026-05-13T09:06:24","modified_gmt":"2026-05-13T09:06:24","slug":"aku-udarni-odvijac-dtd150","status":"publish","type":"product","link":"https:\/\/prodajsve.com\/?product=aku-udarni-odvijac-dtd150","title":{"rendered":"Aku Udarni Odvija\u010d DTD150"},"content":{"rendered":"","protected":false},"excerpt":{"rendered":"<p>&nbsp;<\/p>\n<section id=\"shopify-section-template--23699438764326__main\" class=\"shopify-section section\">\n<div class=\"page-width\">\n<div class=\"product product--large product--left product--stacked product--mobile-hide grid grid--1-col grid--2-col-tablet\">\n<div class=\"product__info-wrapper grid__item scroll-trigger animate--slide-in\">\n<section id=\"ProductInfo-template--23699438764326__main\" class=\"product__info-container product__column-sticky\">\n<div class=\"product__description rte quick-add-hidden\">\n<p>Otkrijte svestranost<strong>\u00a0Akumulatorskog Udarnog Odvija\u010da <\/strong>sa setom koji \u0107e ispuniti sve va\u0161e potrebe za uradi-sam projektima. Ovaj komplet alata savr\u0161en je za svakog majstora.<\/p>\n<p><strong>Sna\u017ean u\u010dinak<\/strong>: Opremljen s 550 Nm snage za najzahtjevnije zadatke.<\/p>\n<p><strong>Kompaktnost i mobilnost<\/strong>: Dizajniran za laku upotrebu, s te\u017einom od samo 1,2 kg.<\/p>\n<p><strong>Dugotrajna baterija<\/strong>: Dolazi s dvije litijumske baterije od 18V i 5.0 ah, obe\u0107avaju\u0107i produ\u017eeno vrijeme rada.<\/p>\n<p><strong>Multifunkcionalnost<\/strong>: Uz funkcije odvrtanja i zavrtanja, prilagodite se bilo kojem zadatku.<\/p>\n<p><strong>Kvalitetan pribor<\/strong>: Uklju\u010duje razli\u010dite nastavke i gedore za svaki zadatak.<\/p>\n<p><strong>Brzo punjenje<\/strong>: Super brzi punja\u010d maksimalno iskori\u0161tava baterije za samo 1 sat.<\/p>\n<p>&nbsp;<\/p>\n<p>Svaki element je pa\u017eljivo odabran da pru\u017ei vrhunsku izvedbu. Uz set alata, bit \u0107ete spremni za bilo koji projekt, bilo kada i bilo gdje.<\/p>\n<\/div>\n<\/section>\n<\/div>\n<\/div>\n<\/div>\n<\/section>\n<p>&nbsp;<\/p>\n","protected":false},"featured_media":50,"comment_status":"open","ping_status":"closed","template":"","meta":[],"product_brand":[],"product_cat":[16],"product_tag":[23,17,24,29,21],"class_list":{"0":"post-18","1":"product","2":"type-product","3":"status-publish","4":"has-post-thumbnail","6":"product_cat-alat","7":"product_tag-aku-busilica","8":"product_tag-aku-udarni-odvijac","9":"product_tag-alat","10":"product_tag-makita","11":"product_tag-udarni-odvijac","13":"first","14":"instock","15":"sale","16":"shipping-taxable","17":"purchasable","18":"product-type-simple"},"_links":{"self":[{"href":"https:\/\/prodajsve.com\/index.php?rest_route=\/wp\/v2\/product\/18","targetHints":{"allow":["GET"]}}],"collection":[{"href":"https:\/\/prodajsve.com\/index.php?rest_route=\/wp\/v2\/product"}],"about":[{"href":"https:\/\/prodajsve.com\/index.php?rest_route=\/wp\/v2\/types\/product"}],"replies":[{"embeddable":true,"href":"https:\/\/prodajsve.com\/index.php?rest_route=%2Fwp%2Fv2%2Fcomments&post=18"}],"wp:featuredmedia":[{"embeddable":true,"href":"https:\/\/prodajsve.com\/index.php?rest_route=\/wp\/v2\/media\/50"}],"wp:attachment":[{"href":"https:\/\/prodajsve.com\/index.php?rest_route=%2Fwp%2Fv2%2Fmedia&parent=18"}],"wp:term":[{"taxonomy":"product_brand","embeddable":true,"href":"https:\/\/prodajsve.com\/index.php?rest_route=%2Fwp%2Fv2%2Fproduct_brand&post=18"},{"taxonomy":"product_cat","embeddable":true,"href":"https:\/\/prodajsve.com\/index.php?rest_route=%2Fwp%2Fv2%2Fproduct_cat&post=18"},{"taxonomy":"product_tag","embeddable":true,"href":"https:\/\/prodajsve.com\/index.php?rest_route=%2Fwp%2Fv2%2Fproduct_tag&post=18"}],"curies":[{"name":"wp","href":"https:\/\/api.w.org\/{rel}","templated":true}]}}