{"id":152,"date":"2026-05-13T09:07:59","date_gmt":"2026-05-13T09:07:59","guid":{"rendered":"https:\/\/prodajsve.com\/?post_type=product&#038;p=152"},"modified":"2026-05-13T09:08:27","modified_gmt":"2026-05-13T09:08:27","slug":"scheppach-perac-visokim-pritiskom-shd110-110-bar","status":"publish","type":"product","link":"https:\/\/prodajsve.com\/?product=scheppach-perac-visokim-pritiskom-shd110-110-bar","title":{"rendered":"Scheppach pera\u010d visokim pritiskom SHD110 110 bar"},"content":{"rendered":"<div>Sa sna\u017enim motorom od 1400 W i maksimalnim pritiskom od 110 bara, Scheppach elektri\u010dni pera\u010d visokim pritiskom\u00a0 SHD110 idealan je za \u010di\u0161\u0107enje ku\u0107a, dvori\u0161ta i vrta. Uz visoku brzinu protoka od 390 L\/min, prljave povr\u0161ine mogu se o\u010distiti brzo i efikasno. Zahvaljuju\u0107i svom kompaktnom dizajnu, te\u017eini od samo 5 kg i transportnoj ru\u010dki, pera\u010d visokim pritiskom je jednostavan za transport i \u0161tedi prostor prilikom skladi\u0161tenja.<\/div>\n<div><\/div>\n<ul>\n<li>Sna\u017ean motor od 1400 W sa maksimalnim pritiskom od 110 bara<\/li>\n<li>Quick-Connect sistem za brze promene priklju\u010dka<\/li>\n<li>Automatsko uklju\u010divanje i isklju\u010divanje<\/li>\n<li>Transportna ru\u010dka za lak transport<\/li>\n<li>\u0160irok radni radijus zahvaljuju\u0107i crijevu visokog pritiska od 3 m<\/li>\n<li>Integrisanii dr\u017ea\u010d za crijevo pod visokim pritiskom i kabal<\/li>\n<li>Uklju\u010duje crijevo visokog pritiska 3m , produ\u017eetak sa pode\u0161avaju\u0107om diznom, pi\u0161tolj i brzu spjnicu sa filterom<\/li>\n<\/ul>\n<div class=\"dwspecs-product-table-group\">\n<table>\n<tbody>\n<tr>\n<td>Proizvo\u0111a\u010d<\/td>\n<td>Scheppach<\/td>\n<\/tr>\n<tr>\n<td>Model<\/td>\n<td>SHD110<\/td>\n<\/tr>\n<tr>\n<td>Katalo\u0161ka oznaka<\/td>\n<td>5907758915<\/td>\n<\/tr>\n<tr>\n<td>Snaga<\/td>\n<td>1400 W<\/td>\n<\/tr>\n<tr>\n<td>Napon<\/td>\n<td>230 V &#8211; 50 Hz<\/td>\n<\/tr>\n<\/tbody>\n<\/table>\n<\/div>\n<div class=\"dwspecs-product-table-group\">\n<table>\n<tbody>\n<tr>\n<td>Maksimalni pritisak<\/td>\n<td>110 bar<\/td>\n<\/tr>\n<tr>\n<td>Maksimalni protok<\/td>\n<td>390 l\/h<\/td>\n<\/tr>\n<tr>\n<td>Du\u017eina crijeva<\/td>\n<td>3 m<\/td>\n<\/tr>\n<tr>\n<td>Materijal izrade glave pumpe<\/td>\n<td>Aluminijum<\/td>\n<\/tr>\n<\/tbody>\n<\/table>\n<\/div>\n<div class=\"dwspecs-product-table-group\">\n<table>\n<tbody>\n<tr>\n<td>Dodatne informacije<\/td>\n<td>Quick-Connect sistem za brze promjene priklju\u010dka<br \/>\nAutomatsko uklju\u010divanje i isklju\u010divanje<\/td>\n<\/tr>\n<tr>\n<td>Isporu\u010deni pribor<\/td>\n<td>Pi\u0161tolj<br \/>\nProdu\u017eetak sa pode\u0161avaju\u0107om diznom<br \/>\nCrijevo visokog pritiska 3m<br \/>\nBrza spojnica za dovod vode sa filterom<\/td>\n<\/tr>\n<\/tbody>\n<\/table>\n<\/div>\n","protected":false},"excerpt":{"rendered":"<p>&nbsp;<\/p>\n<div style=\"display: flex; gap: 10px; flex-wrap: wrap; justify-content: center;\">\n<div class=\"equalHMRRow\">\n<div class=\"equalHMR eq\" style=\"padding: 10px; border: 1px solid #e5e1e1; border-radius: 3px; text-align: center;\"><img decoding=\"async\" class=\"custom-attribute-image\" style=\"min-width: 36px; width: 36px;\" src=\"https:\/\/www.masineialati.ba\/wp-content\/uploads\/atts-icons\/garancija.svg\" \/><\/div>\n<div class=\"lbl\" style=\"font-weight: 600; text-align: center;\">Garancija<\/div>\n<div class=\"val one-line\" style=\"text-align: center;\">3 godine<\/div>\n<\/div>\n<div class=\"equalHMRRow\">\n<div class=\"equalHMR eq\" style=\"padding: 10px; border: 1px solid #e5e1e1; border-radius: 3px; text-align: center;\"><img decoding=\"async\" class=\"custom-attribute-image\" style=\"min-width: 36px; width: 36px;\" src=\"https:\/\/www.masineialati.ba\/wp-content\/uploads\/atts-icons\/rok-isporuke.svg\" \/><\/div>\n<div class=\"lbl\" style=\"font-weight: 600; text-align: center;\">Rok isporuke<\/div>\n<div class=\"val one-line\" style=\"text-align: center;\">24-48h<\/div>\n<\/div>\n<div class=\"equalHMRRow\">\n<div class=\"equalHMR eq\" style=\"padding: 10px; border: 1px solid #e5e1e1; border-radius: 3px; text-align: center;\"><img decoding=\"async\" class=\"custom-attribute-image\" style=\"min-width: 36px; width: 36px;\" src=\"https:\/\/www.masineialati.ba\/wp-content\/uploads\/atts-icons\/mogucnost-povrata.svg\" \/><\/div>\n<div class=\"lbl\" style=\"font-weight: 600; text-align: center;\">Mogu\u0107nost povrata<\/div>\n<div class=\"val one-line\" style=\"text-align: center;\">15 dana od dana kupovine<\/div>\n<\/div>\n<\/div>\n","protected":false},"featured_media":173,"comment_status":"open","ping_status":"closed","template":"","meta":[],"product_brand":[],"product_cat":[16],"product_tag":[116,117,118,119,120],"class_list":{"0":"post-152","1":"product","2":"type-product","3":"status-publish","4":"has-post-thumbnail","6":"product_cat-alat","7":"product_tag-perac","8":"product_tag-perac-auta","9":"product_tag-perac-za-auto","10":"product_tag-vap","11":"product_tag-vap-za-auto","13":"first","14":"instock","15":"sale","16":"shipping-taxable","17":"purchasable","18":"product-type-simple"},"_links":{"self":[{"href":"https:\/\/prodajsve.com\/index.php?rest_route=\/wp\/v2\/product\/152","targetHints":{"allow":["GET"]}}],"collection":[{"href":"https:\/\/prodajsve.com\/index.php?rest_route=\/wp\/v2\/product"}],"about":[{"href":"https:\/\/prodajsve.com\/index.php?rest_route=\/wp\/v2\/types\/product"}],"replies":[{"embeddable":true,"href":"https:\/\/prodajsve.com\/index.php?rest_route=%2Fwp%2Fv2%2Fcomments&post=152"}],"wp:featuredmedia":[{"embeddable":true,"href":"https:\/\/prodajsve.com\/index.php?rest_route=\/wp\/v2\/media\/173"}],"wp:attachment":[{"href":"https:\/\/prodajsve.com\/index.php?rest_route=%2Fwp%2Fv2%2Fmedia&parent=152"}],"wp:term":[{"taxonomy":"product_brand","embeddable":true,"href":"https:\/\/prodajsve.com\/index.php?rest_route=%2Fwp%2Fv2%2Fproduct_brand&post=152"},{"taxonomy":"product_cat","embeddable":true,"href":"https:\/\/prodajsve.com\/index.php?rest_route=%2Fwp%2Fv2%2Fproduct_cat&post=152"},{"taxonomy":"product_tag","embeddable":true,"href":"https:\/\/prodajsve.com\/index.php?rest_route=%2Fwp%2Fv2%2Fproduct_tag&post=152"}],"curies":[{"name":"wp","href":"https:\/\/api.w.org\/{rel}","templated":true}]}}