{"id":151,"date":"2026-05-13T09:07:58","date_gmt":"2026-05-13T09:07:58","guid":{"rendered":"https:\/\/prodajsve.com\/?post_type=product&#038;p=151"},"modified":"2026-05-13T09:08:26","modified_gmt":"2026-05-13T09:08:26","slug":"masina-za-pranje-pod-visokim-pritiskom-400-bari","status":"publish","type":"product","link":"https:\/\/prodajsve.com\/?product=masina-za-pranje-pod-visokim-pritiskom-400-bari","title":{"rendered":"Ma\u0161ina za pranje pod visokim pritiskom 400 bari"},"content":{"rendered":"<p>DODACI U PAKETU<\/p>\n<p><img decoding=\"async\" class=\"emoji\" role=\"img\" draggable=\"false\" src=\"https:\/\/s.w.org\/images\/core\/emoji\/17.0.2\/svg\/2714.svg\" alt=\"\u2714\" \/>\u00a0Turbo mlaznica za sna\u017ean fokusirani pritisak<br \/>\n<img decoding=\"async\" class=\"emoji\" role=\"img\" draggable=\"false\" src=\"https:\/\/s.w.org\/images\/core\/emoji\/17.0.2\/svg\/2714.svg\" alt=\"\u2714\" \/>\u00a0Posuda za deterd\u017eent (pjenomat)<br \/>\n<img decoding=\"async\" class=\"emoji\" role=\"img\" draggable=\"false\" src=\"https:\/\/s.w.org\/images\/core\/emoji\/17.0.2\/svg\/2714.svg\" alt=\"\u2714\" \/>\u00a04 dodatne mlaznice (0\u00b0, 15\u00b0, 25\u00b0, 40\u00b0)<br \/>\n<img decoding=\"async\" class=\"emoji\" role=\"img\" draggable=\"false\" src=\"https:\/\/s.w.org\/images\/core\/emoji\/17.0.2\/svg\/2714.svg\" alt=\"\u2714\" \/>\u00a0Filter za vodu<br \/>\n<img decoding=\"async\" class=\"emoji\" role=\"img\" draggable=\"false\" src=\"https:\/\/s.w.org\/images\/core\/emoji\/17.0.2\/svg\/2714.svg\" alt=\"\u2714\" \/>\u00a0Sva oprema dolazi u paketu<\/p>\n","protected":false},"excerpt":{"rendered":"<div class=\"woocommerce-product-details__short-description\">\n<p><img decoding=\"async\" class=\"emoji\" role=\"img\" draggable=\"false\" src=\"https:\/\/s.w.org\/images\/core\/emoji\/17.0.2\/svg\/2705.svg\" alt=\"\u2705\" \/>\u00a0Model: STRAUS AUSTRIA \u2013 provjeren kvalitet<br \/>\n<img decoding=\"async\" class=\"emoji\" role=\"img\" draggable=\"false\" src=\"https:\/\/s.w.org\/images\/core\/emoji\/17.0.2\/svg\/2705.svg\" alt=\"\u2705\" \/> Pritisak: 400 bar \u2013 lako uklanja blato, masno\u0107u, gljivice i tvrdokornu prljav\u0161tinu<br \/>\n<img decoding=\"async\" class=\"emoji\" role=\"img\" draggable=\"false\" src=\"https:\/\/s.w.org\/images\/core\/emoji\/17.0.2\/svg\/2705.svg\" alt=\"\u2705\" \/>\u00a0Protok vode: 450 l\/h \u2013 brzo i efikasno pranje bez rasipanja vode<br \/>\n<img decoding=\"async\" class=\"emoji\" role=\"img\" draggable=\"false\" src=\"https:\/\/s.w.org\/images\/core\/emoji\/17.0.2\/svg\/2705.svg\" alt=\"\u2705\" \/>\u00a0Snaga motora: 3000 W \/ 3.0 kW \u2013 sna\u017ean i izdr\u017eljiv motor<br \/>\n<img decoding=\"async\" class=\"emoji\" role=\"img\" draggable=\"false\" src=\"https:\/\/s.w.org\/images\/core\/emoji\/17.0.2\/svg\/2705.svg\" alt=\"\u2705\" \/>\u00a0Napajanje: Elektri\u010dno 220V \u2013 ti\u0161i i ekolo\u0161ki prihvatljiv rad<br \/>\n<img decoding=\"async\" class=\"emoji\" role=\"img\" draggable=\"false\" src=\"https:\/\/s.w.org\/images\/core\/emoji\/17.0.2\/svg\/2705.svg\" alt=\"\u2705\" \/>\u00a0Du\u017eina crijeva i kabla:<br \/>\n\u2022 10 m crijevo<br \/>\n\u2022 6 m kabal<br \/>\n<img decoding=\"async\" class=\"emoji\" role=\"img\" draggable=\"false\" src=\"https:\/\/s.w.org\/images\/core\/emoji\/17.0.2\/svg\/27a1.svg\" alt=\"\u27a1\ufe0f\" \/>\u00a0omogu\u0107ava rad na ve\u0107im povr\u0161inama bez produ\u017enih kablova<\/p>\n<\/div>\n<form class=\"cart\" action=\"https:\/\/klikalat.com\/proizvod\/masina-za-pranje-po-visokim-pritiskom\/\" enctype=\"multipart\/form-data\" method=\"post\">\n<div class=\"quantity\"><\/div>\n<\/form>\n","protected":false},"featured_media":172,"comment_status":"open","ping_status":"closed","template":"","meta":[],"product_brand":[],"product_cat":[16],"product_tag":[116,117,118,119,120],"class_list":{"0":"post-151","1":"product","2":"type-product","3":"status-publish","4":"has-post-thumbnail","6":"product_cat-alat","7":"product_tag-perac","8":"product_tag-perac-auta","9":"product_tag-perac-za-auto","10":"product_tag-vap","11":"product_tag-vap-za-auto","13":"first","14":"instock","15":"sale","16":"shipping-taxable","17":"purchasable","18":"product-type-simple"},"_links":{"self":[{"href":"https:\/\/prodajsve.com\/index.php?rest_route=\/wp\/v2\/product\/151","targetHints":{"allow":["GET"]}}],"collection":[{"href":"https:\/\/prodajsve.com\/index.php?rest_route=\/wp\/v2\/product"}],"about":[{"href":"https:\/\/prodajsve.com\/index.php?rest_route=\/wp\/v2\/types\/product"}],"replies":[{"embeddable":true,"href":"https:\/\/prodajsve.com\/index.php?rest_route=%2Fwp%2Fv2%2Fcomments&post=151"}],"wp:featuredmedia":[{"embeddable":true,"href":"https:\/\/prodajsve.com\/index.php?rest_route=\/wp\/v2\/media\/172"}],"wp:attachment":[{"href":"https:\/\/prodajsve.com\/index.php?rest_route=%2Fwp%2Fv2%2Fmedia&parent=151"}],"wp:term":[{"taxonomy":"product_brand","embeddable":true,"href":"https:\/\/prodajsve.com\/index.php?rest_route=%2Fwp%2Fv2%2Fproduct_brand&post=151"},{"taxonomy":"product_cat","embeddable":true,"href":"https:\/\/prodajsve.com\/index.php?rest_route=%2Fwp%2Fv2%2Fproduct_cat&post=151"},{"taxonomy":"product_tag","embeddable":true,"href":"https:\/\/prodajsve.com\/index.php?rest_route=%2Fwp%2Fv2%2Fproduct_tag&post=151"}],"curies":[{"name":"wp","href":"https:\/\/api.w.org\/{rel}","templated":true}]}}