{"id":133,"date":"2026-05-13T09:07:28","date_gmt":"2026-05-13T09:07:28","guid":{"rendered":"https:\/\/prodajsve.com\/?post_type=product&#038;p=133"},"modified":"2026-05-13T09:08:20","modified_gmt":"2026-05-13T09:08:20","slug":"visenamjenski-aku-mikser-i-busac-rupa-2u1","status":"publish","type":"product","link":"https:\/\/prodajsve.com\/?product=visenamjenski-aku-mikser-i-busac-rupa-2u1","title":{"rendered":"Vi\u0161enamjenski aku mikser i bu\u0161a\u010d rupa 2u1"},"content":{"rendered":"<div dir=\"auto\">\u00a03 FUNKCIJE U JEDNOM URE\u0110AJU:<\/div>\n<div dir=\"auto\">\u00a0Gra\u0111evinarstvo \u2013 brzo i ravnomjerno mije\u0161anje svih vrsta rastvora<\/div>\n<div dir=\"auto\">\u00a0Ribolov \u2013 efikasno bu\u0161enje rupa u ledu<\/div>\n<div dir=\"auto\">\u00a0Zemljebur \u2013 bu\u0161enje zemlje za sadnju, stubove, ograde i sli\u010dno<\/div>\n<div dir=\"auto\">\u00a0SNA\u017dNE BATERIJE \u2013 RAD BEZ PREKIDA<\/div>\n<div dir=\"auto\">\u00a02\u00d7 jaka akumulatora 48V \u2013 6Ah<\/div>\n<div dir=\"auto\">\u00a0Dug radni vijek i konstantna snaga<\/div>\n<div dir=\"auto\">\u00a0Rad gdje god treba \u2013 bez struje, bez kablova<\/div>\n<div dir=\"auto\">\u00a0KOMPLET KOJI DOBIJATE:<\/div>\n<div dir=\"auto\">\u00a02\u00d7 sna\u017ena baterija 48V \/ 6Ah<\/div>\n<div dir=\"auto\">\u00a0Punja\u010d<\/div>\n<div dir=\"auto\">\u00a0Adapter M14 \u279c svrdlo<\/div>\n<div dir=\"auto\">\u00a0M14 mikser za mije\u0161anje rastvora<\/div>\n<div dir=\"auto\">\u00a0svrdlo 40 mm &#8211; 80 cm<\/div>\n<div dir=\"auto\">\u00a0svrdlo 60 mm &#8211; 80 cm<\/div>\n<div dir=\"auto\">\u00a0Sve spremno odmah za rad \u2013 nema dodatnih tro\u0161kova!<\/div>\n<div dir=\"auto\">\u00a0ZA KOGA JE OVAJ ALAT?<\/div>\n<div dir=\"auto\">\u00a0Majstore i gra\u0111evince<\/div>\n<div dir=\"auto\">\u00a0Ribolovce<\/div>\n<div dir=\"auto\">\u00a0Poljoprivrednike i vikenda\u0161e<\/div>\n<div dir=\"auto\">\u00a0Sve koji \u017eele jedan jak alat umjesto tri odvojena<\/div>\n<div dir=\"auto\">\u00a0ZA\u0160TO KUPITI BA\u0160 OVAJ?<\/div>\n<div dir=\"auto\">\u00a0Vi\u0161enamjenski \u2013 \u0161tedi novac i prostor<\/div>\n<div dir=\"auto\">\u00a0Sna\u017ean i pouzdan<\/div>\n<div dir=\"auto\">Mobilan i prakti\u010dan<\/div>\n<div dir=\"auto\">\u00a0Profesionalni rezultat u ku\u0107noj i terenskoj upotrebi<\/div>\n","protected":false},"excerpt":{"rendered":"<div dir=\"auto\">Jedan alat \u2013 vi\u0161e namjen!<\/div>\n<div dir=\"auto\">Ovaj mo\u0107ni akumulatorski mikser 2 u 1 idealan je za gra\u0111evinu, ribolov i bu\u0161enje zemlje, bez kablova, bez ograni\u010denja i bez gubitka snage.<\/div>\n<div dir=\"auto\">\n<div dir=\"auto\">ZA\u0160TO KUPITI BA\u0160 OVAJ?<\/div>\n<div dir=\"auto\">Vi\u0161enamjenski \u2013 \u0161tedi novac i prostor<\/div>\n<div dir=\"auto\">Sna\u017ean i pouzdan<\/div>\n<div dir=\"auto\">Mobilan i prakti\u010dan<\/div>\n<div dir=\"auto\">Profesionalni rezultat u ku\u0107noj i terenskoj upotrebi<\/div>\n<\/div>\n","protected":false},"featured_media":168,"comment_status":"open","ping_status":"closed","template":"","meta":[],"product_brand":[],"product_cat":[16],"product_tag":[],"class_list":{"0":"post-133","1":"product","2":"type-product","3":"status-publish","4":"has-post-thumbnail","6":"product_cat-alat","8":"first","9":"instock","10":"sale","11":"shipping-taxable","12":"purchasable","13":"product-type-simple"},"_links":{"self":[{"href":"https:\/\/prodajsve.com\/index.php?rest_route=\/wp\/v2\/product\/133","targetHints":{"allow":["GET"]}}],"collection":[{"href":"https:\/\/prodajsve.com\/index.php?rest_route=\/wp\/v2\/product"}],"about":[{"href":"https:\/\/prodajsve.com\/index.php?rest_route=\/wp\/v2\/types\/product"}],"replies":[{"embeddable":true,"href":"https:\/\/prodajsve.com\/index.php?rest_route=%2Fwp%2Fv2%2Fcomments&post=133"}],"wp:featuredmedia":[{"embeddable":true,"href":"https:\/\/prodajsve.com\/index.php?rest_route=\/wp\/v2\/media\/168"}],"wp:attachment":[{"href":"https:\/\/prodajsve.com\/index.php?rest_route=%2Fwp%2Fv2%2Fmedia&parent=133"}],"wp:term":[{"taxonomy":"product_brand","embeddable":true,"href":"https:\/\/prodajsve.com\/index.php?rest_route=%2Fwp%2Fv2%2Fproduct_brand&post=133"},{"taxonomy":"product_cat","embeddable":true,"href":"https:\/\/prodajsve.com\/index.php?rest_route=%2Fwp%2Fv2%2Fproduct_cat&post=133"},{"taxonomy":"product_tag","embeddable":true,"href":"https:\/\/prodajsve.com\/index.php?rest_route=%2Fwp%2Fv2%2Fproduct_tag&post=133"}],"curies":[{"name":"wp","href":"https:\/\/api.w.org\/{rel}","templated":true}]}}