{"id":124,"date":"2026-05-13T09:07:26","date_gmt":"2026-05-13T09:07:26","guid":{"rendered":"https:\/\/prodajsve.com\/?post_type=product&#038;p=124"},"modified":"2026-05-13T09:08:09","modified_gmt":"2026-05-13T09:08:09","slug":"sobna-digitalna-antena-pojacivac","status":"publish","type":"product","link":"https:\/\/prodajsve.com\/?product=sobna-digitalna-antena-pojacivac","title":{"rendered":"Sobna Digitalna Antena + Poja\u010diva\u010d"},"content":{"rendered":"","protected":false},"excerpt":{"rendered":"<div class=\"x14z9mp xat24cr x1lziwak x1vvkbs xtlvy1s x126k92a\">\n<div dir=\"auto\">Gledajte sve digitalne programe BESPLATNO!<\/div>\n<div dir=\"auto\">Potpuno nova sobna antena za prijem digitalnih TV signala.<\/div>\n<div dir=\"auto\">Nova tehnologija digitalne sobne antene za prijem TV signala. Vr\u0161i izuzetan prijem TV kanala sa \u010distom slikom.<\/div>\n<\/div>\n<div class=\"x14z9mp xat24cr x1lziwak x1vvkbs xtlvy1s x126k92a\">\n<div dir=\"auto\">U svakom slu\u010daju, jednom kupite antenu i zauvjek gledate besplatno. Nikome ni\u0161ta ne pla\u0107ate mjese\u010dno, tako da se zaista isplati.<\/div>\n<\/div>\n<div class=\"x14z9mp xat24cr x1lziwak x1vvkbs xtlvy1s x126k92a\">\n<div dir=\"auto\">Vec na prvom testu (bez pojacivaca i bez posebnog pozicioniranja antene) prima signal za preko 20 kanala!<\/div>\n<\/div>\n<div class=\"x14z9mp xat24cr x1lziwak x1vvkbs xtlvy1s x126k92a\">\n<div dir=\"auto\"><\/div>\n<\/div>\n","protected":false},"featured_media":159,"comment_status":"open","ping_status":"closed","template":"","meta":[],"product_brand":[],"product_cat":[16],"product_tag":[93,94,95,96],"class_list":{"0":"post-124","1":"product","2":"type-product","3":"status-publish","4":"has-post-thumbnail","6":"product_cat-alat","7":"product_tag-antena","8":"product_tag-digitalni-programi-besplatno","9":"product_tag-sobna-antena","10":"product_tag-tv-antena","12":"first","13":"instock","14":"sale","15":"shipping-taxable","16":"purchasable","17":"product-type-simple"},"_links":{"self":[{"href":"https:\/\/prodajsve.com\/index.php?rest_route=\/wp\/v2\/product\/124","targetHints":{"allow":["GET"]}}],"collection":[{"href":"https:\/\/prodajsve.com\/index.php?rest_route=\/wp\/v2\/product"}],"about":[{"href":"https:\/\/prodajsve.com\/index.php?rest_route=\/wp\/v2\/types\/product"}],"replies":[{"embeddable":true,"href":"https:\/\/prodajsve.com\/index.php?rest_route=%2Fwp%2Fv2%2Fcomments&post=124"}],"wp:featuredmedia":[{"embeddable":true,"href":"https:\/\/prodajsve.com\/index.php?rest_route=\/wp\/v2\/media\/159"}],"wp:attachment":[{"href":"https:\/\/prodajsve.com\/index.php?rest_route=%2Fwp%2Fv2%2Fmedia&parent=124"}],"wp:term":[{"taxonomy":"product_brand","embeddable":true,"href":"https:\/\/prodajsve.com\/index.php?rest_route=%2Fwp%2Fv2%2Fproduct_brand&post=124"},{"taxonomy":"product_cat","embeddable":true,"href":"https:\/\/prodajsve.com\/index.php?rest_route=%2Fwp%2Fv2%2Fproduct_cat&post=124"},{"taxonomy":"product_tag","embeddable":true,"href":"https:\/\/prodajsve.com\/index.php?rest_route=%2Fwp%2Fv2%2Fproduct_tag&post=124"}],"curies":[{"name":"wp","href":"https:\/\/api.w.org\/{rel}","templated":true}]}}