{"id":123,"date":"2026-05-13T09:07:25","date_gmt":"2026-05-13T09:07:25","guid":{"rendered":"https:\/\/prodajsve.com\/?post_type=product&#038;p=123"},"modified":"2026-05-13T09:08:08","modified_gmt":"2026-05-13T09:08:08","slug":"usisivac-za-pepeo-1200w","status":"publish","type":"product","link":"https:\/\/prodajsve.com\/?product=usisivac-za-pepeo-1200w","title":{"rendered":"Usisiva\u010d za pepeo 1200w"},"content":{"rendered":"","protected":false},"excerpt":{"rendered":"<div class=\"woocommerce-product-details__short-description\">\n<p data-start=\"162\" data-end=\"478\">Usisiva\u010d pepela \u00a0prakti\u010dan je i sna\u017ean ure\u0111aj namijenjen za sigurno \u010di\u0161\u0107enje pepela iz pe\u0107i, kamina ili ro\u0161tilja. Zahvaljuju\u0107i\u00a0<strong data-start=\"317\" data-end=\"350\">dvostrukom sistemu filtracije<\/strong>\u00a0(filter \u010destica i metalni predfilter), ovaj usisiva\u010d odr\u017eava vazduh u prostoriji \u010distim i sprje\u010dava brzo za\u010depljenje filtera.<\/p>\n<p data-start=\"480\" data-end=\"705\">Posuda od\u00a0<strong data-start=\"490\" data-end=\"503\">20 litara<\/strong>\u00a0izra\u0111ena je od stabilnog metala, dok\u00a0<strong data-start=\"541\" data-end=\"577\">vatrostalno crijevo du\u017eine 1,5 m<\/strong>\u00a0omogu\u0107ava jednostavan rad \u010dak i pri visokim temperaturama. Ugra\u0111ena\u00a0<strong data-start=\"646\" data-end=\"666\">funkcija duvanja<\/strong>\u00a0dodatno olak\u0161ava raspirivanje vatre.<\/p>\n<p data-start=\"707\" data-end=\"931\">Idealan izbor za sve koji \u017eele pouzdan, siguran i dugotrajan <strong data-start=\"907\" data-end=\"928\">usisiva\u010d za pepeo<\/strong>.<\/p>\n<\/div>\n<form class=\"cart\" action=\"https:\/\/baucentarbea.net\/product\/usisivac-za-pepeo-1200w\/\" enctype=\"multipart\/form-data\" method=\"post\">\n<div class=\"quantity\"><\/div>\n<\/form>\n","protected":false},"featured_media":158,"comment_status":"open","ping_status":"closed","template":"","meta":[],"product_brand":[],"product_cat":[16],"product_tag":[86,87,88,89,90,91,92],"class_list":{"0":"post-123","1":"product","2":"type-product","3":"status-publish","4":"has-post-thumbnail","6":"product_cat-alat","7":"product_tag-grijanje","8":"product_tag-grijanje-na-pelet","9":"product_tag-kotao","10":"product_tag-pelet","11":"product_tag-pepeo","12":"product_tag-usisivac","13":"product_tag-usisivac-za-pelet","15":"first","16":"instock","17":"sale","18":"shipping-taxable","19":"purchasable","20":"product-type-simple"},"_links":{"self":[{"href":"https:\/\/prodajsve.com\/index.php?rest_route=\/wp\/v2\/product\/123","targetHints":{"allow":["GET"]}}],"collection":[{"href":"https:\/\/prodajsve.com\/index.php?rest_route=\/wp\/v2\/product"}],"about":[{"href":"https:\/\/prodajsve.com\/index.php?rest_route=\/wp\/v2\/types\/product"}],"replies":[{"embeddable":true,"href":"https:\/\/prodajsve.com\/index.php?rest_route=%2Fwp%2Fv2%2Fcomments&post=123"}],"wp:featuredmedia":[{"embeddable":true,"href":"https:\/\/prodajsve.com\/index.php?rest_route=\/wp\/v2\/media\/158"}],"wp:attachment":[{"href":"https:\/\/prodajsve.com\/index.php?rest_route=%2Fwp%2Fv2%2Fmedia&parent=123"}],"wp:term":[{"taxonomy":"product_brand","embeddable":true,"href":"https:\/\/prodajsve.com\/index.php?rest_route=%2Fwp%2Fv2%2Fproduct_brand&post=123"},{"taxonomy":"product_cat","embeddable":true,"href":"https:\/\/prodajsve.com\/index.php?rest_route=%2Fwp%2Fv2%2Fproduct_cat&post=123"},{"taxonomy":"product_tag","embeddable":true,"href":"https:\/\/prodajsve.com\/index.php?rest_route=%2Fwp%2Fv2%2Fproduct_tag&post=123"}],"curies":[{"name":"wp","href":"https:\/\/api.w.org\/{rel}","templated":true}]}}