{"id":121,"date":"2026-05-13T09:07:25","date_gmt":"2026-05-13T09:07:25","guid":{"rendered":"https:\/\/prodajsve.com\/?post_type=product&#038;p=121"},"modified":"2026-05-13T09:08:07","modified_gmt":"2026-05-13T09:08:07","slug":"arc-950-aparat-za-varenje-igbt-inverter","status":"publish","type":"product","link":"https:\/\/prodajsve.com\/?product=arc-950-aparat-za-varenje-igbt-inverter","title":{"rendered":"ARC-950 Aparat za varenje \/ IGBT Inverter"},"content":{"rendered":"<h4><strong>\u2714 U setu dolazi:<\/strong><\/h4>\n<p>\u2714 Aparat za varanje<\/p>\n<p>\u2714 Klije\u0161ta Elektrode sa Kablom<\/p>\n<p>\u2714 \u0160tipalka Mase sa kablom<\/p>\n<p>\u2714 0,5kg elektroda 2,5mm<\/p>\n<p>\u2714 \u010celi\u010dna \u010detka<\/p>\n<p>\u2714 Za\u0161titna maska za Lice i O\u010di<\/p>\n<p>\u2714 Upustvo za rukovanje<\/p>\n","protected":false},"excerpt":{"rendered":"<h3>\u2757\ufe0f\u2757\ufe0fAparat za varenje 950A \u2757\ufe0f\u2757\ufe0f<br \/>\nGRATIS MASKA ZA VARENJE + \u010cETKA ZA \u010cI\u0160\u0106ENJE<\/h3>\n<h4>\ud83d\udcccTEHNI\u010cKE KARAKTERISTIKE \ud83d\udccc<\/h4>\n<p>\u2714 Napajanje: 230 V ~ 50\/60 Hz<\/p>\n<p>\u2714 Podesiva struja zavarivanja: 20 \u2013 950 A<\/p>\n<p>\u2714 Stupanj 1 radnog ciklusa: 60% \u2013 950 A<\/p>\n<p>\u2714 Performanse: 100% \u2013 950 A<\/p>\n<p>\u2714 Promjer elektrode: 1,6 \u2013 5,0 mm, bazi\u010dna, kisela i gusana<\/p>\n<p>\u2714 Luk: Stupanj za\u0161tite kontakta: IP21S<\/p>\n<p>\u2714 Du\u017eina zavariva\u010dkog kabla: 1,5 m<\/p>\n<p>\u2714 Hla\u0111enje ventilator<\/p>\n<p>\u2714 Dimenzije: 330 x 140 x 230 mm<\/p>\n<p>\u2714 Te\u017eina: 3,5 kg<\/p>\n<p>\u2714 Funkcija protiv lijepljenja spre\u010dava uklju\u010divanje elektroda za zavarivanje materijala<\/p>\n<p>\u2714 Arc Force sistem<\/p>\n","protected":false},"featured_media":156,"comment_status":"open","ping_status":"closed","template":"","meta":[],"product_brand":[],"product_cat":[16],"product_tag":[53,54,57,55,56],"class_list":{"0":"post-121","1":"product","2":"type-product","3":"status-publish","4":"has-post-thumbnail","6":"product_cat-alat","7":"product_tag-aparat-za-varenje","8":"product_tag-co2","9":"product_tag-co2-aparat","10":"product_tag-varenje","11":"product_tag-varenje-zicom","13":"first","14":"instock","15":"sale","16":"shipping-taxable","17":"purchasable","18":"product-type-simple"},"_links":{"self":[{"href":"https:\/\/prodajsve.com\/index.php?rest_route=\/wp\/v2\/product\/121","targetHints":{"allow":["GET"]}}],"collection":[{"href":"https:\/\/prodajsve.com\/index.php?rest_route=\/wp\/v2\/product"}],"about":[{"href":"https:\/\/prodajsve.com\/index.php?rest_route=\/wp\/v2\/types\/product"}],"replies":[{"embeddable":true,"href":"https:\/\/prodajsve.com\/index.php?rest_route=%2Fwp%2Fv2%2Fcomments&post=121"}],"wp:featuredmedia":[{"embeddable":true,"href":"https:\/\/prodajsve.com\/index.php?rest_route=\/wp\/v2\/media\/156"}],"wp:attachment":[{"href":"https:\/\/prodajsve.com\/index.php?rest_route=%2Fwp%2Fv2%2Fmedia&parent=121"}],"wp:term":[{"taxonomy":"product_brand","embeddable":true,"href":"https:\/\/prodajsve.com\/index.php?rest_route=%2Fwp%2Fv2%2Fproduct_brand&post=121"},{"taxonomy":"product_cat","embeddable":true,"href":"https:\/\/prodajsve.com\/index.php?rest_route=%2Fwp%2Fv2%2Fproduct_cat&post=121"},{"taxonomy":"product_tag","embeddable":true,"href":"https:\/\/prodajsve.com\/index.php?rest_route=%2Fwp%2Fv2%2Fproduct_tag&post=121"}],"curies":[{"name":"wp","href":"https:\/\/api.w.org\/{rel}","templated":true}]}}